{"id":1635,"date":"2016-06-28T11:27:14","date_gmt":"2016-06-28T11:27:14","guid":{"rendered":"https:\/\/joyeriaferreiros.com\/?page_id=1635"},"modified":"2016-06-28T11:32:09","modified_gmt":"2016-06-28T11:32:09","slug":"oscar-rodriguez-2","status":"publish","type":"page","link":"https:\/\/joyeriaferreiros.com\/index.php\/oscar-rodriguez-2\/","title":{"rendered":"Oscar Rodriguez"},"content":{"rendered":"<div class=\"fusion-fullwidth fullwidth-box fusion-fullwidth-1  fusion-parallax-none nonhundred-percent-fullwidth\" style=\"border-color:#eae9e9;border-bottom-width: 0px;border-top-width: 0px;border-bottom-style: solid;border-top-style: solid;padding-bottom:20px;padding-top:20px;padding-left:;padding-right:;background-color:rgba(255,255,255,0);\"><style type=\"text\/css\" scoped=\"scoped\">.fusion-fullwidth-1 {\n                            padding-left: px !important;\n                            padding-right: px !important;\n                        }<\/style><div class=\"fusion-row\"><div class=\"fusion-three-fifth fusion-layout-column fusion-spacing-yes\" style=\"margin-top:0px;margin-bottom:20px;\"><div class=\"fusion-column-wrapper\"><div class=\"imageframe-align-center\"><span class=\"fusion-imageframe imageframe-none imageframe-1 hover-type-none\"> <img decoding=\"async\" alt=\"\" src=\"https:\/\/joyeriaferreiros.com\/wp-content\/uploads\/2016\/06\/oscar-rodriguez-1.jpg\" class=\"img-responsive\"width=\"363\" height=\"511\"\/><\/span><\/div><div class=\"fusion-clearfix\"><\/div><\/div><\/div><div class=\"fusion-two-fifth fusion-layout-column fusion-column-last fusion-spacing-yes\" style=\"margin-top:0px;margin-bottom:20px;\"><div class=\"fusion-column-wrapper\"><p style=\"text-align: left;\">En 1985 Oscar Rodr\u00edguez Blanco, llevado por su tradici\u00f3n familiar, su conocimiento del mercado de joyer\u00eda y su ilusi\u00f3n por desarrollarlo, fund\u00f3 su primera tienda y taller de joyer\u00eda en Viveiro, ciudad que lo acogi\u00f3 desde muy temprana edad. Era una peque\u00f1a tienda-taller de unos 40 metros cuadrados que puso en marcha el proyecto de la familia Rodr\u00edguez.<\/p>\n<p style=\"text-align: left;\">A lo largo de su trayectoria profesional ha recibido importantes premios y reconocimientos no pudiendo dejar de mencionar las \u00faltimas ediciones del premio AN Gem Awards en el que participa desde su creaci\u00f3n.<\/p>\n<p style=\"text-align: left;\">Desde el 2008 se incorpora para trabajar en la empresa su hija Cristina, que tras haberse formado en dise\u00f1o de joyer\u00eda y direcci\u00f3n de empresas en Barcelona y New York ahora es parte importante de los planes del autor. <\/p>\n<h4 style=\"font-size: 33px; text-align: center;\"><\/h4>\n<div class=\"fusion-clearfix\"><\/div><\/div><\/div><div class=\"fusion-clearfix\"><\/div><\/div><\/div><div class=\"fusion-fullwidth fullwidth-box fusion-fullwidth-2  fusion-parallax-none nonhundred-percent-fullwidth\" style=\"border-color:#eae9e9;border-bottom-width: 0px;border-top-width: 0px;border-bottom-style: solid;border-top-style: solid;padding-bottom:80px;padding-top:20px;padding-left:;padding-right:;background-color:rgba(255,255,255,0);\"><style type=\"text\/css\" scoped=\"scoped\">.fusion-fullwidth-2 {\n                            padding-left: px !important;\n                            padding-right: px !important;\n                        }<\/style><div class=\"fusion-row\"><div class=\"fusion-one-full fusion-layout-column fusion-column-last fusion-spacing-yes\" style=\"margin-top:0px;margin-bottom:20px;\"><div class=\"fusion-column-wrapper\"><div class=\"fusion-button-wrapper fusion-aligncenter\"><style type=\"text\/css\" scoped=\"scoped\">.fusion-button.button-1 .fusion-button-text, .fusion-button.button-1 i {color:#ffffff;}.fusion-button.button-1 {border-width:0px;border-color:#ffffff;}.fusion-button.button-1 .fusion-button-icon-divider{border-color:#ffffff;}.fusion-button.button-1:hover .fusion-button-text, .fusion-button.button-1:hover i,.fusion-button.button-1:focus .fusion-button-text, .fusion-button.button-1:focus i,.fusion-button.button-1:active .fusion-button-text, .fusion-button.button-1:active{color:#ffffff;}.fusion-button.button-1:hover, .fusion-button.button-1:focus, .fusion-button.button-1:active{border-width:0px;border-color:#ffffff;}.fusion-button.button-1:hover .fusion-button-icon-divider, .fusion-button.button-1:hover .fusion-button-icon-divider, .fusion-button.button-1:active .fusion-button-icon-divider{border-color:#ffffff;}.fusion-button.button-1{background: #a0ce4e;}.fusion-button.button-1:hover,.button-1:focus,.fusion-button.button-1:active{background: #96c346;}.fusion-button.button-1{width:auto;}<\/style><a class=\"fusion-button button-flat button-round button-large button-default button-1\" target=\"_self\" href=\"http:\/\/oscar-rodriguez.com\/index.php\/\"><span class=\"fusion-button-text\">VER WEB OFICIAL<\/span><\/a><\/div><div class=\"fusion-clearfix\"><\/div><\/div><\/div><div class=\"fusion-clearfix\"><\/div><\/div><\/div><div class=\"fusion-fullwidth fullwidth-box fusion-fullwidth-3  fusion-parallax-none nonhundred-percent-fullwidth\" style=\"border-color:#eae9e9;border-bottom-width: 0px;border-top-width: 0px;border-bottom-style: solid;border-top-style: solid;padding-bottom:80px;padding-top:20px;padding-left:;padding-right:;background-color:#f0f0f0;\"><style type=\"text\/css\" scoped=\"scoped\">.fusion-fullwidth-3 {\n                            padding-left: px !important;\n                            padding-right: px !important;\n                        }<\/style><div class=\"fusion-row\"><div class=\"fusion-one-sixth fusion-layout-column fusion-spacing-yes\" style=\"margin-top:0px;margin-bottom:20px;\"><div class=\"fusion-column-wrapper\"><div class=\"fusion-clearfix\"><\/div><\/div><\/div><div class=\"fusion-two-third fusion-layout-column fusion-spacing-yes\" style=\"margin-top:0px;margin-bottom:20px;\"><div class=\"fusion-column-wrapper\"><h5 style=\"text-align: center;\">COLECI\u00d3N DE OSCAR RODR\u00cdGUEZ<\/h5>\n<div class=\"fusion-sep-clear\"><\/div><div class=\"fusion-separator sep-single\" style=\"border-color:#999999;border-top-width:1px;margin-left: auto;margin-right: auto;margin-top:5px;margin-bottom:0px;width:100%;max-width:30px;\"><\/div><h4 style=\"text-align: center; font-size: 33px; line-height: 50px;\">Superar a la naturaleza ha sido el motor creativo del hombre desde la aparici\u00f3n del arte y capturar su belleza y preservarla una forma de vida para Oscar Rodr\u00edguez.<\/h4>\n<div class=\"fusion-clearfix\"><\/div><\/div><\/div><div class=\"fusion-one-sixth fusion-layout-column fusion-column-last fusion-spacing-yes\" style=\"margin-top:0px;margin-bottom:20px;\"><div class=\"fusion-column-wrapper\"><div class=\"fusion-clearfix\"><\/div><\/div><\/div><div class=\"fusion-clearfix\"><\/div><div class=\"fusion-image-carousel fusion-image-carousel-auto lightbox-enabled\"><div class=\"fusion-carousel\" data-autoplay=\"yes\" data-columns=\"3\" data-itemmargin=\"40\" data-itemwidth=\"180\" data-touchscroll=\"no\" data-imagesize=\"auto\" data-scrollitems=\"1\"><div class=\"fusion-carousel-positioner\"><ul class=\"fusion-carousel-holder\"><li class=\"fusion-carousel-item\"><div class=\"fusion-carousel-item-wrapper\"><div class=\"fusion-image-wrapper hover-type-liftup\"><a data-rel=\"iLightbox[gallery_image_1]\" data-title=\"Oscar-Rodriguez-9\" href=\"https:\/\/joyeriaferreiros.com\/wp-content\/uploads\/2016\/06\/Oscar-Rodriguez-9.jpg\" target=\"_self\"><img loading=\"lazy\" decoding=\"async\" src=\"https:\/\/joyeriaferreiros.com\/wp-content\/uploads\/2016\/06\/Oscar-Rodriguez-9.jpg\" width=\"363\" height=\"511\" alt=\"\" \/><\/a><\/div><\/div><\/li><li class=\"fusion-carousel-item\"><div class=\"fusion-carousel-item-wrapper\"><div class=\"fusion-image-wrapper hover-type-liftup\"><a data-rel=\"iLightbox[gallery_image_1]\" data-title=\"Oscar-Rodriguez-8\" href=\"https:\/\/joyeriaferreiros.com\/wp-content\/uploads\/2016\/06\/Oscar-Rodriguez-8.jpg\" target=\"_self\"><img loading=\"lazy\" decoding=\"async\" src=\"https:\/\/joyeriaferreiros.com\/wp-content\/uploads\/2016\/06\/Oscar-Rodriguez-8.jpg\" width=\"363\" height=\"511\" alt=\"\" \/><\/a><\/div><\/div><\/li><li class=\"fusion-carousel-item\"><div class=\"fusion-carousel-item-wrapper\"><div class=\"fusion-image-wrapper hover-type-liftup\"><a data-rel=\"iLightbox[gallery_image_1]\" data-title=\"Oscar-Rodriguez-7\" href=\"https:\/\/joyeriaferreiros.com\/wp-content\/uploads\/2016\/06\/Oscar-Rodriguez-7.jpg\" target=\"_self\"><img loading=\"lazy\" decoding=\"async\" src=\"https:\/\/joyeriaferreiros.com\/wp-content\/uploads\/2016\/06\/Oscar-Rodriguez-7.jpg\" width=\"363\" height=\"511\" alt=\"\" \/><\/a><\/div><\/div><\/li><li class=\"fusion-carousel-item\"><div class=\"fusion-carousel-item-wrapper\"><div class=\"fusion-image-wrapper hover-type-liftup\"><a data-rel=\"iLightbox[gallery_image_1]\" data-title=\"Oscar-Rodriguez-6\" href=\"https:\/\/joyeriaferreiros.com\/wp-content\/uploads\/2016\/06\/Oscar-Rodriguez-6.jpg\" target=\"_self\"><img loading=\"lazy\" decoding=\"async\" src=\"https:\/\/joyeriaferreiros.com\/wp-content\/uploads\/2016\/06\/Oscar-Rodriguez-6.jpg\" width=\"363\" height=\"511\" alt=\"\" \/><\/a><\/div><\/div><\/li><li class=\"fusion-carousel-item\"><div class=\"fusion-carousel-item-wrapper\"><div class=\"fusion-image-wrapper hover-type-liftup\"><a data-rel=\"iLightbox[gallery_image_1]\" data-title=\"Oscar-Rodriguez-5\" href=\"https:\/\/joyeriaferreiros.com\/wp-content\/uploads\/2016\/06\/Oscar-Rodriguez-5.jpg\" target=\"_self\"><img loading=\"lazy\" decoding=\"async\" src=\"https:\/\/joyeriaferreiros.com\/wp-content\/uploads\/2016\/06\/Oscar-Rodriguez-5.jpg\" width=\"363\" height=\"511\" alt=\"\" \/><\/a><\/div><\/div><\/li><li class=\"fusion-carousel-item\"><div class=\"fusion-carousel-item-wrapper\"><div class=\"fusion-image-wrapper hover-type-liftup\"><a data-rel=\"iLightbox[gallery_image_1]\" data-title=\"Oscar-Rodriguez-4\" href=\"https:\/\/joyeriaferreiros.com\/wp-content\/uploads\/2016\/06\/Oscar-Rodriguez-4.jpg\" target=\"_self\"><img loading=\"lazy\" decoding=\"async\" src=\"https:\/\/joyeriaferreiros.com\/wp-content\/uploads\/2016\/06\/Oscar-Rodriguez-4.jpg\" width=\"363\" height=\"511\" alt=\"\" \/><\/a><\/div><\/div><\/li><li class=\"fusion-carousel-item\"><div class=\"fusion-carousel-item-wrapper\"><div class=\"fusion-image-wrapper hover-type-liftup\"><a data-rel=\"iLightbox[gallery_image_1]\" data-title=\"Oscar-Rodriguez-3\" href=\"https:\/\/joyeriaferreiros.com\/wp-content\/uploads\/2016\/06\/Oscar-Rodriguez-3.jpg\" target=\"_self\"><img loading=\"lazy\" decoding=\"async\" src=\"https:\/\/joyeriaferreiros.com\/wp-content\/uploads\/2016\/06\/Oscar-Rodriguez-3.jpg\" width=\"363\" height=\"511\" alt=\"\" \/><\/a><\/div><\/div><\/li><li class=\"fusion-carousel-item\"><div class=\"fusion-carousel-item-wrapper\"><div class=\"fusion-image-wrapper hover-type-liftup\"><a data-rel=\"iLightbox[gallery_image_1]\" data-title=\"Oscar-Rodriguez-2\" href=\"https:\/\/joyeriaferreiros.com\/wp-content\/uploads\/2016\/06\/Oscar-Rodriguez-2.jpg\" target=\"_self\"><img loading=\"lazy\" decoding=\"async\" src=\"https:\/\/joyeriaferreiros.com\/wp-content\/uploads\/2016\/06\/Oscar-Rodriguez-2.jpg\" width=\"363\" height=\"511\" alt=\"\" \/><\/a><\/div><\/div><\/li><li class=\"fusion-carousel-item\"><div class=\"fusion-carousel-item-wrapper\"><div class=\"fusion-image-wrapper hover-type-liftup\"><a data-rel=\"iLightbox[gallery_image_1]\" data-title=\"oscar rodriguez\" href=\"https:\/\/joyeriaferreiros.com\/wp-content\/uploads\/2016\/06\/Oscar-Rodriguez-1.jpg\" target=\"_self\"><img loading=\"lazy\" decoding=\"async\" src=\"https:\/\/joyeriaferreiros.com\/wp-content\/uploads\/2016\/06\/Oscar-Rodriguez-1.jpg\" width=\"363\" height=\"511\" alt=\"\" \/><\/a><\/div><\/div><\/li><\/ul><div class=\"fusion-carousel-nav\"><span class=\"fusion-nav-prev\"><\/span><span class=\"fusion-nav-next\"><\/span><\/div><\/div><\/div><\/div><\/div><\/div><div class=\"fusion-fullwidth fullwidth-box fusion-fullwidth-4  fusion-parallax-none hundred-percent-fullwidth fusion-equal-height-columns\" style=\"border-color:#eae9e9;border-bottom-width: 0px;border-top-width: 0px;border-bottom-style: solid;border-top-style: solid;padding-bottom:0px;padding-top:0px;padding-left:0px;padding-right:0px;background-color:rgba(255,255,255,0);\"><style type=\"text\/css\" scoped=\"scoped\">.fusion-fullwidth-4 {\n                            padding-left: 0px !important;\n                            padding-right: 0px !important;\n                        }<\/style><div class=\"fusion-row\"><div class=\"fusion-one-half fusion-layout-column fusion-spacing-no\" style=\"margin-top:0px;margin-bottom:0px;\"><div class=\"fusion-column-wrapper\">\t\t\t<script type=\"text\/javascript\">\n\t\t\t\tvar map_fusion_map_69e344b2f0e47;\n\t\t\t\tvar markers = [];\n\t\t\t\tvar counter = 0;\n\t\t\t\tfunction fusion_run_map_fusion_map_69e344b2f0e47() {\n\t\t\t\t\tjQuery('#fusion_map_69e344b2f0e47').fusion_maps({\n\t\t\t\t\t\taddresses: [{\"address\":\"28.959952, -13.549599\",\"infobox_content\":\"28.959952, -13.549599\",\"marker\":\"https:\\\/\\\/joyeriaferreiros.com\\\/wp-content\\\/uploads\\\/2016\\\/06\\\/Icono-Mapa.png\",\"coordinates\":false,\"cache\":true,\"latitude\":\"28.9600624\",\"longitude\":\"-13.549664099999973\"}],\n\t\t\t\t\t\tanimations: true,\n\t\t\t\t\t\tinfobox_background_color: '',\n\t\t\t\t\t\tinfobox_styling: 'default',\n\t\t\t\t\t\tinfobox_text_color: '',\n\t\t\t\t\t\tmap_style: 'custom',\n\t\t\t\t\t\tmap_type: 'roadmap',\n\t\t\t\t\t\tmarker_icon: 'https:\/\/joyeriaferreiros.com\/wp-content\/uploads\/2016\/06\/Icono-Mapa.png',\n\t\t\t\t\t\toverlay_color: '#232323',\n\t\t\t\t\t\toverlay_color_hsl: {\"hue\":0,\"sat\":0,\"lum\":14},\n\t\t\t\t\t\tpan_control: false,\n\t\t\t\t\t\tshow_address: false,\n\t\t\t\t\t\tscale_control: false,\n\t\t\t\t\t\tscrollwheel: false,\n\t\t\t\t\t\tzoom: 14,\n\t\t\t\t\t\tzoom_control: false,\n\t\t\t\t\t});\n\t\t\t\t}\n\t\t\t\tif ( typeof google !== 'undefined' ) {\n\t\t\t\t\tgoogle.maps.event.addDomListener(window, 'load', fusion_run_map_fusion_map_69e344b2f0e47);\n\t\t\t\t}\n\t\t\t<\/script>\n\t\t\t<div class=\"shortcode-map fusion-google-map\" id=\"fusion_map_69e344b2f0e47\" style=\"height:580px;width:100%;\"><\/div><div class=\"fusion-clearfix\"><\/div><\/div><\/div><div class=\"fusion-one-half fusion-layout-column fusion-column-last fusion-spacing-no\" style=\"margin-top:0px;margin-bottom:0px;\"><div class=\"fusion-column-wrapper\" style=\"background-color:#282828;padding:70px 100px;\"><h5 style=\"text-align: center; color: #b39964; font-size: 20px; line-height: 30px; letter-spacing: 3px;\">HORARIO DE APERTURA<\/h5>\n<div class=\"fusion-sep-clear\"><\/div><div class=\"fusion-separator sep-single\" style=\"border-color:#333333;border-top-width:1px;margin-left: auto;margin-right: auto;margin-top:0px;margin-bottom:40px;width:100%;max-width:50%;\"><\/div><p style=\"text-align: center; margin-bottom: 0px;\"><span style=\"color: #ffffff; letter-spacing: 3px;\">LUNES &#8211; VIERNES<\/span><\/p>\n<p style=\"text-align: center; font-family: 'Playfair Display', serif !important;\">09:00 ~ 13.00 \/ 17:00 ~ 20.00<\/p>\n<p style=\"text-align: center; margin-bottom: 0px;\"><span style=\"color: #ffffff; letter-spacing: 3px;\">S\u00c1BADOS<\/span><\/p>\n<p style=\"text-align: center; font-family: 'Playfair Display', serif !important;\">09:00 ~ 13.00<\/p>\n<div class=\"fusion-sep-clear\"><\/div><div class=\"fusion-separator sep-none\" style=\"border-color:transparent;margin-left: auto;margin-right: auto;margin-top:25px;width:100%;max-width:170px;\"><\/div><div class=\"fusion-sep-clear\"><\/div><div class=\"fusion-separator sep-single\" style=\"border-color:#333333;border-top-width:1px;margin-left: auto;margin-right: auto;margin-top:0px;margin-bottom:40px;width:100%;max-width:50%;\"><\/div><p style=\"text-align: center; letter-spacing: 2px;\"><a style=\"color: #b39964;\" href=\"https:\/\/joyeriaferreiros.com\/index.php\/contacto\/\">CONTACTO<\/a><\/p>\n<div class=\"fusion-clearfix\"><\/div><\/div><\/div><div class=\"fusion-clearfix\"><\/div><\/div><\/div>\n","protected":false},"excerpt":{"rendered":"","protected":false},"author":1,"featured_media":0,"parent":0,"menu_order":0,"comment_status":"closed","ping_status":"closed","template":"100-width.php","meta":{"footnotes":""},"class_list":["post-1635","page","type-page","status-publish","hentry"],"_links":{"self":[{"href":"https:\/\/joyeriaferreiros.com\/index.php\/wp-json\/wp\/v2\/pages\/1635","targetHints":{"allow":["GET"]}}],"collection":[{"href":"https:\/\/joyeriaferreiros.com\/index.php\/wp-json\/wp\/v2\/pages"}],"about":[{"href":"https:\/\/joyeriaferreiros.com\/index.php\/wp-json\/wp\/v2\/types\/page"}],"author":[{"embeddable":true,"href":"https:\/\/joyeriaferreiros.com\/index.php\/wp-json\/wp\/v2\/users\/1"}],"replies":[{"embeddable":true,"href":"https:\/\/joyeriaferreiros.com\/index.php\/wp-json\/wp\/v2\/comments?post=1635"}],"version-history":[{"count":4,"href":"https:\/\/joyeriaferreiros.com\/index.php\/wp-json\/wp\/v2\/pages\/1635\/revisions"}],"predecessor-version":[{"id":1648,"href":"https:\/\/joyeriaferreiros.com\/index.php\/wp-json\/wp\/v2\/pages\/1635\/revisions\/1648"}],"wp:attachment":[{"href":"https:\/\/joyeriaferreiros.com\/index.php\/wp-json\/wp\/v2\/media?parent=1635"}],"curies":[{"name":"wp","href":"https:\/\/api.w.org\/{rel}","templated":true}]}}